{"id":534,"date":"2024-10-07T15:13:05","date_gmt":"2024-10-07T15:13:05","guid":{"rendered":"https:\/\/youngcraftbooster.eu\/?page_id=534"},"modified":"2024-10-28T15:26:12","modified_gmt":"2024-10-28T15:26:12","slug":"partners","status":"publish","type":"page","link":"https:\/\/youngcraftbooster.eu\/es\/partners\/","title":{"rendered":"SOCIOS"},"content":{"rendered":"<p>[et_pb_section fb_built=&#8221;1&#8243; _builder_version=&#8221;4.27.2&#8243; _module_preset=&#8221;default&#8221; locked=&#8221;off&#8221; global_colors_info=&#8221;{}&#8221;][et_pb_row column_structure=&#8221;2_5,3_5&#8243; _builder_version=&#8221;4.27.2&#8243; _module_preset=&#8221;default&#8221; width_tablet=&#8221;&#8221; width_phone=&#8221;90%&#8221; width_last_edited=&#8221;on|phone&#8221; custom_padding=&#8221;0px||0px||true|false&#8221; global_colors_info=&#8221;{}&#8221;][et_pb_column type=&#8221;2_5&#8243; _builder_version=&#8221;4.27.2&#8243; _module_preset=&#8221;default&#8221; global_colors_info=&#8221;{}&#8221;][et_pb_text _builder_version=&#8221;4.27.2&#8243; _module_preset=&#8221;default&#8221; header_2_font=&#8221;&#8211;et_global_heading_font|700|||||||&#8221; header_2_text_align=&#8221;left&#8221; header_2_text_color=&#8221;#000000&#8243; header_2_font_size=&#8221;60px&#8221; header_2_line_height=&#8221;0.8em&#8221; global_colors_info=&#8221;{}&#8221;]<\/p>\n<h2>Partner<\/h2>\n<p>[\/et_pb_text][\/et_pb_column][et_pb_column type=&#8221;3_5&#8243; _builder_version=&#8221;4.27.2&#8243; _module_preset=&#8221;default&#8221; global_colors_info=&#8221;{}&#8221;][et_pb_text _builder_version=&#8221;4.27.2&#8243; _module_preset=&#8221;default&#8221; text_font=&#8221;||||||||&#8221; text_text_color=&#8221;#000000&#8243; text_font_size=&#8221;16px&#8221; global_colors_info=&#8221;{}&#8221;]<\/p>\n<p>Young Craft Booster \u00e8 un progetto della durata di tre anni (2023-2026), co-finanziato dall&#8217;Unione Europea, e gestito da tre partner provenienti da Italia, Spagna e Irlanda: Fondazione Cologni dei Mestieri d\u2019Arte, Asociaci\u00f3n Contempor\u00e1nea de Artes y Oficios e Design &amp; Crafts Council Ireland; con il supporto di un associated partner: Michelangelo Foundation for Creativity and Craftsmanship.<\/p>\n<p>Il progetto Young Craft Booster consente a questi enti di perseguire la loro missione di promozione dell&#8217;artigianato artistico: nel corso di tre anni, 15 coppie, ciascuna composta da un giovane talento e un maestro artigiano o artigiana, intraprenderanno un viaggio indimenticabile, sviluppando le loro abilit\u00e0 e competenze. I giovani talenti lavoreranno a fianco dei maestri nelle loro botteghe, situate nei paesi partecipanti: Italia, Spagna e Irlanda.<\/p>\n<p>[\/et_pb_text][et_pb_text _builder_version=&#8221;4.27.2&#8243; _module_preset=&#8221;default&#8221; text_font=&#8221;||||||||&#8221; text_text_color=&#8221;#000000&#8243; text_font_size=&#8221;16px&#8221; custom_margin=&#8221;20px||||false|false&#8221; global_colors_info=&#8221;{}&#8221;]<\/p>\n<h2><strong>Ente capofila<\/strong><\/h2>\n<p>[\/et_pb_text][et_pb_code _builder_version=&#8221;4.27.2&#8243; _module_preset=&#8221;default&#8221; custom_margin=&#8221;20px||||false|false&#8221; global_colors_info=&#8221;{}&#8221;]<\/p>\n<div class=\"image-item\"><a href=\"https:\/\/www.fondazionecologni.it\/it\" target=\"_blank\" rel=\"noopener\" title=\"Fondazione Cologni dei Mestieri d'Arte\"><img decoding=\"async\" style=\"height: 70px;\" src=\"\/wp-content\/uploads\/FC_logo.png\" alt=\"Fondazione Cologni Mestieri d'Arte\" \/><\/a><\/div>\n<p>[\/et_pb_code][et_pb_text _builder_version=&#8221;4.27.2&#8243; _module_preset=&#8221;default&#8221; text_font=&#8221;||||||||&#8221; text_text_color=&#8221;#000000&#8243; text_font_size=&#8221;16px&#8221; custom_margin=&#8221;20px||50px||false|false&#8221; global_colors_info=&#8221;{}&#8221;]<\/p>\n<p>Fondazione Cologni dei Mestieri d\u2019Arte (FC) \u00e8 un&#8217;organizzazione privata senza scopo di lucro, fondata a Milano da Franco Cologni, che ne \u00e8 il Presidente, nel 1995.<br \/>La missione della Fondazione Cologni \u00e8 contribuire a &#8220;un nuovo Rinascimento&#8221; dei mestieri d\u2019arte, per salvaguardarli dal rischio di scomparire. Le sue iniziative sono rivolte soprattutto giovani e alla formazione delle nuove generazioni di artigiani e artigiane. La Fondazione Cologni promuove, sostiene e realizza numerosi programmi culturali, scientifici ed educativi. Realizza progetti e iniziative in collaborazione con scuole prestigiose ed enti di istruzione superiore: Universit\u00e0 Bocconi, Universit\u00e0 Cattolica del Sacro Cuore, Politecnico, Universit\u00e0 IULM, Creative Academy e Domus Academy.\u00a0<\/p>\n<p>[\/et_pb_text][et_pb_code _builder_version=&#8221;4.27.2&#8243; _module_preset=&#8221;default&#8221; custom_margin=&#8221;20px||||false|false&#8221; global_colors_info=&#8221;{}&#8221;]<\/p>\n<div class=\"image-item\"><a href=\"https:\/\/www.dcci.ie\" target=\"_blank\" rel=\"noopener\" title=\"Design &#038; Crafts Council Ireland\"><img decoding=\"async\" src=\"\/wp-content\/uploads\/DCCI_Logo_orizzontale.png\" alt=\"DCCI\" \/><\/a><\/div>\n<p>[\/et_pb_code][et_pb_text _builder_version=&#8221;4.27.2&#8243; _module_preset=&#8221;default&#8221; text_font=&#8221;||||||||&#8221; text_text_color=&#8221;#000000&#8243; text_font_size=&#8221;16px&#8221; custom_margin=&#8221;20px||50px||false|false&#8221; custom_padding=&#8221;||0px|||&#8221; hover_enabled=&#8221;0&#8243; global_colors_info=&#8221;{}&#8221; sticky_enabled=&#8221;0&#8243;]<\/p>\n<p class=\"p1\">Design &amp; Crafts Council Ireland (DCCI) \u00e8 l&#8217;agenzia nazionale per l&#8217;artigianato e il design in Irlanda: sostiene designer e artigiani nello sviluppo delle loro attivit\u00e0 in modo sostenibile, e promuove i benefici sociali dell&#8217;artigianato e del design. Le attivit\u00e0 del DCCI sono finanziate dal Dipartimento per le Imprese, il Commercio e l&#8217;Occupazione attraverso Enterprise Ireland. Attualmente, DCCI conta 64 enti membri e oltre 3.500 associati.<\/p>\n<p>[\/et_pb_text][et_pb_code _builder_version=&#8221;4.27.2&#8243; _module_preset=&#8221;default&#8221; custom_margin=&#8221;20px||||false|false&#8221; global_colors_info=&#8221;{}&#8221;]<\/p>\n<div class=\"image-item\"><a href=\"https:\/\/espanaartesana.com\/contempornea-de-artes-y-oficios\" target=\"_blank\" rel=\"noopener\" title=\"Contemporanea de Artes y Oficios\"><img decoding=\"async\" src=\"\/wp-content\/uploads\/ACAO_logo.png\" alt=\"ACAO\" \/><\/a><\/div>\n<p>[\/et_pb_code][et_pb_text _builder_version=&#8221;4.27.2&#8243; _module_preset=&#8221;default&#8221; text_font=&#8221;||||||||&#8221; text_text_color=&#8221;#000000&#8243; text_font_size=&#8221;16px&#8221; custom_margin=&#8221;20px||50px||false|false&#8221; global_colors_info=&#8221;{}&#8221;]<\/p>\n<p>L&#8217;Asociaci\u00f3n Contemporanea de Artes y Oficios (ACAO) \u00e8 un&#8217;associazione che promuove l&#8217;artigianato spagnolo tradizionale e contemporaneo. Il suo obiettivo \u00e8 proteggere l&#8217;artigianato spagnolo e impiegarlo come volano per favorire lo sviluppo della cultura, della storia e dell&#8217;arte, e per contribuire positivamente sull&#8217;economia locale, l&#8217;ambiente e l&#8217;industria del turismo. Le iniziative dell&#8217;associazione hanno l&#8217;obiettivo di favorire la creazione di un contesto in cui gli artigiani spagnoli possano prosperare e far crescere la loro attivit\u00e0, sia in Spagna che a livello internazionale.<\/p>\n<p>[\/et_pb_text][et_pb_text _builder_version=&#8221;4.27.2&#8243; _module_preset=&#8221;default&#8221; text_font=&#8221;||||||||&#8221; text_text_color=&#8221;#000000&#8243; text_font_size=&#8221;16px&#8221; custom_margin=&#8221;20px||||false|false&#8221; global_colors_info=&#8221;{}&#8221;]<\/p>\n<h2><strong> Associated partner <\/strong><\/h2>\n<p>[\/et_pb_text][et_pb_code _builder_version=&#8221;4.27.2&#8243; _module_preset=&#8221;default&#8221; custom_margin=&#8221;20px||||false|false&#8221; global_colors_info=&#8221;{}&#8221;]<\/p>\n<div class=\"image-item\"><a href=\"https:\/\/www.michelangelofoundation.org\" target=\"_blank\" rel=\"noopener\" title=\"Michelangelo Foundation\"><img decoding=\"async\" src=\"\/wp-content\/uploads\/MFO_logo_nero-e-rosso.png\" alt=\"MFO\" \/><\/a><\/div>\n<p>[\/et_pb_code][et_pb_text _builder_version=&#8221;4.27.2&#8243; _module_preset=&#8221;default&#8221; text_font=&#8221;||||||||&#8221; text_text_color=&#8221;#000000&#8243; text_font_size=&#8221;16px&#8221; custom_margin=&#8221;20px||50px||false|false&#8221; hover_enabled=&#8221;0&#8243; global_colors_info=&#8221;{}&#8221; sticky_enabled=&#8221;0&#8243;]<\/p>\n<p>Michelangelo Foundation for Creativity and Craftsmanship \u00e8 un&#8217;ente senza scopo di lucro con sede a Ginevra, che sostiene l&#8217;artigianato contemporaneo in tutto il mondo,\u00a0 con l&#8217;obiettivo pi\u00f9 ampio di promuovere un futuro pi\u00f9 umano, inclusivo e sostenibile. La Fondazione vuole evidenziare i collegamenti tra l&#8217;artigianato e il mondo dell&#8217;arte e del design. La sua missione \u00e8 celebrare e preservare l&#8217;artigianato e la diversit\u00e0 dei suoi protagonisti, materiali e tecniche, in modo che questo venga riconosciuto come percorso professionale possibile per le nuove generazioni.<\/p>\n<p>Il supporto della Michelangelo Foundation \u00e8 un contributo &#8220;in kind&#8221;: l&#8217;ente non riceve finanziamenti dalla Commissione Europea, tuttavia il suo supporto \u00e8 fondamentale per il progetto.<\/p>\n<p>[\/et_pb_text][\/et_pb_column][\/et_pb_row][\/et_pb_section]<\/p>\n","protected":false},"excerpt":{"rendered":"<p>PartnerYoung Craft Booster \u00e8 un progetto della durata di tre anni (2023-2026), co-finanziato dall&#8217;Unione Europea, e gestito da tre partner provenienti da Italia, Spagna e Irlanda: Fondazione Cologni dei Mestieri d\u2019Arte, Asociaci\u00f3n Contempor\u00e1nea de Artes y Oficios e Design &amp; Crafts Council Ireland; con il supporto di un associated partner: Michelangelo Foundation for Creativity and [&hellip;]<\/p>\n","protected":false},"author":1,"featured_media":966,"parent":0,"menu_order":0,"comment_status":"closed","ping_status":"closed","template":"","meta":{"_acf_changed":false,"_et_pb_use_builder":"on","_et_pb_old_content":"","_et_gb_content_width":"","footnotes":""},"class_list":["post-534","page","type-page","status-publish","has-post-thumbnail","hentry"],"acf":[],"_links":{"self":[{"href":"https:\/\/youngcraftbooster.eu\/es\/wp-json\/wp\/v2\/pages\/534","targetHints":{"allow":["GET"]}}],"collection":[{"href":"https:\/\/youngcraftbooster.eu\/es\/wp-json\/wp\/v2\/pages"}],"about":[{"href":"https:\/\/youngcraftbooster.eu\/es\/wp-json\/wp\/v2\/types\/page"}],"author":[{"embeddable":true,"href":"https:\/\/youngcraftbooster.eu\/es\/wp-json\/wp\/v2\/users\/1"}],"replies":[{"embeddable":true,"href":"https:\/\/youngcraftbooster.eu\/es\/wp-json\/wp\/v2\/comments?post=534"}],"version-history":[{"count":13,"href":"https:\/\/youngcraftbooster.eu\/es\/wp-json\/wp\/v2\/pages\/534\/revisions"}],"predecessor-version":[{"id":1091,"href":"https:\/\/youngcraftbooster.eu\/es\/wp-json\/wp\/v2\/pages\/534\/revisions\/1091"}],"wp:featuredmedia":[{"embeddable":true,"href":"https:\/\/youngcraftbooster.eu\/es\/wp-json\/wp\/v2\/media\/966"}],"wp:attachment":[{"href":"https:\/\/youngcraftbooster.eu\/es\/wp-json\/wp\/v2\/media?parent=534"}],"curies":[{"name":"wp","href":"https:\/\/api.w.org\/{rel}","templated":true}]}}